{"id":45,"date":"2021-05-28T04:37:32","date_gmt":"2021-05-28T04:37:32","guid":{"rendered":"https:\/\/demo.casethemes.net\/grupi\/?page_id=45"},"modified":"2024-11-15T17:14:15","modified_gmt":"2024-11-15T14:14:15","slug":"treatments","status":"publish","type":"page","link":"https:\/\/eudentclinic.com\/de\/treatments\/","title":{"rendered":"Behandlungen"},"content":{"rendered":"<div data-elementor-type=\"wp-page\" data-elementor-id=\"45\" class=\"elementor elementor-45\" data-elementor-post-type=\"page\">\n\t\t\t\t        <section class=\"elementor-section elementor-top-section elementor-element elementor-element-354bb6f7 elementor-section-stretched elementor-section-boxed elementor-section-height-default elementor-section-height-default ct-header-fixed-none ct-column-none ct-row-scroll-none ct-row-gradient--none\" data-id=\"354bb6f7\" data-element_type=\"section\" data-settings=\"{&quot;stretch_section&quot;:&quot;section-stretched&quot;,&quot;background_background&quot;:&quot;classic&quot;}\">\n            \n                        <div class=\"elementor-container elementor-column-gap-extended\">\n                    <div class=\"elementor-column elementor-col-100 elementor-top-column elementor-element elementor-element-4b9c5cff ct-column-none\" data-id=\"4b9c5cff\" data-element_type=\"column\">\n        <div class=\"elementor-widget-wrap elementor-element-populated\">\n                    \n                <section class=\"elementor-section elementor-inner-section elementor-element elementor-element-4fc0fa0f elementor-section-content-middle elementor-section-boxed elementor-section-height-default elementor-section-height-default ct-header-fixed-none ct-column-none ct-row-scroll-none ct-row-gradient--none\" data-id=\"4fc0fa0f\" data-element_type=\"section\" data-settings=\"{&quot;background_background&quot;:&quot;classic&quot;}\">\n            \n                        <div class=\"elementor-container elementor-column-gap-extended\">\n                    <div class=\"elementor-column elementor-col-50 elementor-inner-column elementor-element elementor-element-213d6ddc ct-column-none\" data-id=\"213d6ddc\" data-element_type=\"column\" data-settings=\"{&quot;background_background&quot;:&quot;classic&quot;}\">\n        <div class=\"elementor-widget-wrap elementor-element-populated\">\n                    \n        \t\t<div class=\"elementor-element elementor-element-cf659b2 elementor-widget elementor-widget-ct_heading\" data-id=\"cf659b2\" data-element_type=\"widget\" data-widget_type=\"ct_heading.default\">\n\t\t\t\t<div class=\"elementor-widget-container\">\n\t\t\t<div id=\"ct_heading-cf659b2\" class=\"ct-heading h-align- item-st-hexagon highlight-style1\">\r\n    <div class=\"ct-inline-css\"  data-css=\"                        \">\r\n    <\/div>\r\n\r\n\t            <div class=\"ct-heading-hexagon-line\">\r\n            <div class=\"ct-heading-hexagon\"><\/div>\r\n        <\/div>\r\n                <div class=\"ct-heading-text-below\">\r\n            Behandlungen        <\/div>\r\n        <h3 class=\"item--title case-animate-time st-hexagon\" data-wow-delay=\"ms\">\r\n        <span>IHRE MUNDGESUNDHEIT IST UNSER AUSh\u00e4ngeschild<\/span>            <\/h3>\r\n<\/div>\r\n\r\n\t\t<\/div>\n\t\t\t\t<\/div>\n\t\t            <\/div>\n        <\/div>\n                <div class=\"elementor-column elementor-col-50 elementor-inner-column elementor-element elementor-element-24489361 ct-column-none\" data-id=\"24489361\" data-element_type=\"column\">\n        <div class=\"elementor-widget-wrap elementor-element-populated\">\n                    \n        \t\t<div class=\"elementor-element elementor-element-5de9786f elementor-widget elementor-widget-ct_text_editor\" data-id=\"5de9786f\" data-element_type=\"widget\" data-widget_type=\"ct_text_editor.default\">\n\t\t\t\t<div class=\"elementor-widget-container\">\n\t\t\t<div id=\"ct_text_editor-5de9786f\" class=\"ct-text-editor\" data-wow-delay=\"ms\">\n\t<div class=\"ct-inline-css\"  data-css=\"        \t\t\">\n\n    <\/div>\n\t<div class=\"ct-text-editor elementor-clearfix\">\n\t\t<p>Wir m\u00f6chten unseren Patienten die wirksamste Behandlung und Betreuung bieten, indem wir uns mit unserem fachkundigen \u00c4rzteteam und unserer medizinisch-technischen Infrastruktur auf die individuellen Bed\u00fcrfnisse jedes einzelnen Patienten konzentrieren.<\/p>\t\t\n\t<\/div>\n<\/div>\t\t<\/div>\n\t\t\t\t<\/div>\n\t\t            <\/div>\n        <\/div>\n                    <\/div>\n        <\/section>\n                    <\/div>\n        <\/div>\n                    <\/div>\n        <\/section>\n        <div class=\"elementor-element elementor-element-de3f219 e-flex e-con-boxed e-con e-parent\" data-id=\"de3f219\" data-element_type=\"container\">\n\t\t\t\t\t<div class=\"e-con-inner\">\n\t\t\t\t<div class=\"elementor-element elementor-element-cf25d23 elementor-widget elementor-widget-ct_service_carousel\" data-id=\"cf25d23\" data-element_type=\"widget\" data-widget_type=\"ct_service_carousel.default\">\n\t\t\t\t<div class=\"elementor-widget-container\">\n\t\t\t    <div id=\"ct_service_carousel-cf25d23\" class=\"ct-service-carousel2 ct-slick-slider\">\r\n        <div class=\"ct-carousel-inner\">\r\n            <div class=\"ct-slick-carousel ct-slick-arrow-center\" data-arrows=\"false\" data-dots=\"false\" data-pauseonhover=\"false\" data-autoplay=\"false\" data-autoplayspeed=\"5000\" data-infinite=\"false\" data-speed=\"500\" data-colxs=\"1\" data-colsm=\"2\" data-colmd=\"3\" data-collg=\"3\" data-colxl=\"3\" data-dir=\"false\" data-slidestoscroll=\"1\">\r\n                                <div class=\"carousel-item slick-slide\">\r\n                        <div class=\"grid-item-inner\" data-wow-duration=\"1.2s\">\r\n                            <div class=\"item--holder\">\r\n                                <div class=\"item--featured\">\r\n                                    <img fetchpriority=\"high\" decoding=\"async\" class=\"no-lazyload\" src=\"https:\/\/eudentclinic.com\/wp-content\/uploads\/2024\/11\/Laser-Teeth-Whitening--372x372.webp\" width=\"372\" height=\"372\" alt=\"Laser-Teeth-Whitening-\" title=\"Laser-Teeth-Whitening-\" \/>                                <\/div>\r\n                                <div class=\"item--meta\">\r\n                                                                                                                                                    <h4 class=\"item--title\">\r\n                                            Laser-Zahnaufhellung                                        <\/h4>\r\n                                                                    <\/div>\r\n                            <\/div>\r\n                            <div class=\"item--holder-hover\">\r\n                                <div class=\"item--featured bg-image\" style=\"background-image: url(https:\/\/eudentclinic.com\/wp-content\/uploads\/2024\/11\/Laser-Teeth-Whitening--372x372.webp);\"><\/div>\r\n                                <div class=\"item--icon-wrap\">\r\n                                                                                                        <\/div>\r\n                                                                    <h4 class=\"item--title\">\r\n                                        <a href=\"https:\/\/eudentclinic.com\/de\/service\/laser-teeth-whitening\/\">                                            Laser-Zahnaufhellung                                        <\/a>                                    <\/h4>\r\n                                                                                                    <div class=\"item--content\">\r\n                                        Beim Laser-Bleaching handelt es sich um eine kosmetische Zahnbehandlung, bei der mithilfe eines starken Laserlichts Flecken und Verf\u00e4rbungen auf der Oberfl\u00e4che Ihrer Z\u00e4hne entfernt werden, um \u2026                                    <\/div>\r\n                                                                                                    <div class=\"item-readmore\">\r\n                                        <a class=\"btn\" href=\"https:\/\/eudentclinic.com\/de\/service\/laser-teeth-whitening\/\">\r\n                                            Read more                                        <\/a>\r\n                                    <\/div>\r\n                                                            <\/div>\r\n                        <\/div>\r\n                    <\/div>\r\n                                                <div class=\"carousel-item slick-slide\">\r\n                        <div class=\"grid-item-inner\" data-wow-duration=\"1.2s\">\r\n                            <div class=\"item--holder\">\r\n                                <div class=\"item--featured\">\r\n                                    <img decoding=\"async\" class=\"no-lazyload\" src=\"https:\/\/eudentclinic.com\/wp-content\/uploads\/2024\/11\/all-on-four-tedavisi-372x372.webp\" width=\"372\" height=\"372\" alt=\"all-on-four-tedavisi\" title=\"all-on-four-tedavisi\" \/>                                <\/div>\r\n                                <div class=\"item--meta\">\r\n                                                                                                                                                    <h4 class=\"item--title\">\r\n                                            All On 4 &amp; All On 6                                        <\/h4>\r\n                                                                    <\/div>\r\n                            <\/div>\r\n                            <div class=\"item--holder-hover\">\r\n                                <div class=\"item--featured bg-image\" style=\"background-image: url(https:\/\/eudentclinic.com\/wp-content\/uploads\/2024\/11\/all-on-four-tedavisi-372x372.webp);\"><\/div>\r\n                                <div class=\"item--icon-wrap\">\r\n                                                                                                        <\/div>\r\n                                                                    <h4 class=\"item--title\">\r\n                                        <a href=\"https:\/\/eudentclinic.com\/de\/service\/all-on-4-all-on-6\/\">                                            All On 4 &amp; All On 6                                        <\/a>                                    <\/h4>\r\n                                                                                                    <div class=\"item--content\">\r\n                                        Bei der Implantatbehandlung \u201eAll-on-4\u201c und \u201eAll-on-6\u201c handelt es sich um zwei verschiedene Implantatbehandlungsprotokolle, die verwendet werden, um eine vollst\u00e4ndig...                                    <\/div>\r\n                                                                                                    <div class=\"item-readmore\">\r\n                                        <a class=\"btn\" href=\"https:\/\/eudentclinic.com\/de\/service\/all-on-4-all-on-6\/\">\r\n                                            Read more                                        <\/a>\r\n                                    <\/div>\r\n                                                            <\/div>\r\n                        <\/div>\r\n                    <\/div>\r\n                                                <div class=\"carousel-item slick-slide\">\r\n                        <div class=\"grid-item-inner\" data-wow-duration=\"1.2s\">\r\n                            <div class=\"item--holder\">\r\n                                <div class=\"item--featured\">\r\n                                    <img decoding=\"async\" class=\"no-lazyload\" src=\"https:\/\/eudentclinic.com\/wp-content\/uploads\/2024\/11\/woman-sits-dental-chair-doctors-bowed-372x372.webp\" width=\"372\" height=\"372\" alt=\"woman-sits-dental-chair-doctors-bowed\" title=\"woman-sits-dental-chair-doctors-bowed\" \/>                                <\/div>\r\n                                <div class=\"item--meta\">\r\n                                                                                                                                                    <h4 class=\"item--title\">\r\n                                            Implantatbehandlung                                        <\/h4>\r\n                                                                    <\/div>\r\n                            <\/div>\r\n                            <div class=\"item--holder-hover\">\r\n                                <div class=\"item--featured bg-image\" style=\"background-image: url(https:\/\/eudentclinic.com\/wp-content\/uploads\/2024\/11\/woman-sits-dental-chair-doctors-bowed-372x372.webp);\"><\/div>\r\n                                <div class=\"item--icon-wrap\">\r\n                                                                                                        <\/div>\r\n                                                                    <h4 class=\"item--title\">\r\n                                        <a href=\"https:\/\/eudentclinic.com\/de\/service\/implant-treatment\/\">                                            Implantatbehandlung                                        <\/a>                                    <\/h4>\r\n                                                                                                    <div class=\"item--content\">\r\n                                        Eine Implantattherapie kann f\u00fcr geeignete Patienten eine effektive und langfristige Behandlung fehlender Z\u00e4hne sein. Sie ist jedoch m\u00f6glicherweise nicht f\u00fcr jeden Patienten geeignet und\u2026                                    <\/div>\r\n                                                                                                    <div class=\"item-readmore\">\r\n                                        <a class=\"btn\" href=\"https:\/\/eudentclinic.com\/de\/service\/implant-treatment\/\">\r\n                                            Read more                                        <\/a>\r\n                                    <\/div>\r\n                                                            <\/div>\r\n                        <\/div>\r\n                    <\/div>\r\n                                        <\/div>\r\n        <\/div>\r\n    <\/div>\r\n\t\t<\/div>\n\t\t\t\t<\/div>\n\t\t\t\t<div class=\"elementor-element elementor-element-823d2dd elementor-widget elementor-widget-ct_service_carousel\" data-id=\"823d2dd\" data-element_type=\"widget\" data-widget_type=\"ct_service_carousel.default\">\n\t\t\t\t<div class=\"elementor-widget-container\">\n\t\t\t    <div id=\"ct_service_carousel-823d2dd\" class=\"ct-service-carousel2 ct-slick-slider\">\r\n        <div class=\"ct-carousel-inner\">\r\n            <div class=\"ct-slick-carousel ct-slick-arrow-center\" data-arrows=\"false\" data-dots=\"false\" data-pauseonhover=\"false\" data-autoplay=\"false\" data-autoplayspeed=\"5000\" data-infinite=\"false\" data-speed=\"500\" data-colxs=\"1\" data-colsm=\"2\" data-colmd=\"3\" data-collg=\"3\" data-colxl=\"3\" data-dir=\"false\" data-slidestoscroll=\"1\">\r\n                                <div class=\"carousel-item slick-slide\">\r\n                        <div class=\"grid-item-inner\" data-wow-duration=\"1.2s\">\r\n                            <div class=\"item--holder\">\r\n                                <div class=\"item--featured\">\r\n                                    <img loading=\"lazy\" decoding=\"async\" class=\"no-lazyload\" src=\"https:\/\/eudentclinic.com\/wp-content\/uploads\/2021\/06\/Cosmetic-Dentistry-372x372.webp\" width=\"372\" height=\"372\" alt=\"Cosmetic-Dentistry\" title=\"Cosmetic-Dentistry\" \/>                                <\/div>\r\n                                <div class=\"item--meta\">\r\n                                                                                                                                                    <h4 class=\"item--title\">\r\n                                            Kosmetische Zahnheilkunde                                        <\/h4>\r\n                                                                    <\/div>\r\n                            <\/div>\r\n                            <div class=\"item--holder-hover\">\r\n                                <div class=\"item--featured bg-image\" style=\"background-image: url(https:\/\/eudentclinic.com\/wp-content\/uploads\/2021\/06\/Cosmetic-Dentistry-372x372.webp);\"><\/div>\r\n                                <div class=\"item--icon-wrap\">\r\n                                                                                                        <\/div>\r\n                                                                    <h4 class=\"item--title\">\r\n                                        <a href=\"https:\/\/eudentclinic.com\/de\/service\/cosmetic-dentistry\/\">                                            Kosmetische Zahnheilkunde                                        <\/a>                                    <\/h4>\r\n                                                                                                    <div class=\"item--content\">\r\n                                        Die \u00e4sthetische und restaurative Zahnmedizin vereint Kunst und Wissenschaft und schafft so eine Welt voller M\u00f6glichkeiten zur Verbesserung Ihres Lebens.                                    <\/div>\r\n                                                                                                    <div class=\"item-readmore\">\r\n                                        <a class=\"btn\" href=\"https:\/\/eudentclinic.com\/de\/service\/cosmetic-dentistry\/\">\r\n                                            Read more                                        <\/a>\r\n                                    <\/div>\r\n                                                            <\/div>\r\n                        <\/div>\r\n                    <\/div>\r\n                                                <div class=\"carousel-item slick-slide\">\r\n                        <div class=\"grid-item-inner\" data-wow-duration=\"1.2s\">\r\n                            <div class=\"item--holder\">\r\n                                <div class=\"item--featured\">\r\n                                    <img loading=\"lazy\" decoding=\"async\" class=\"no-lazyload\" src=\"https:\/\/eudentclinic.com\/wp-content\/uploads\/2024\/11\/Kanal-Tedavisi-372x372.avif\" width=\"372\" height=\"372\" alt=\"Kanal-Tedavisi\" title=\"Kanal-Tedavisi\" \/>                                <\/div>\r\n                                <div class=\"item--meta\">\r\n                                                                                                                                                    <h4 class=\"item--title\">\r\n                                            Wurzelkanalbehandlung                                        <\/h4>\r\n                                                                    <\/div>\r\n                            <\/div>\r\n                            <div class=\"item--holder-hover\">\r\n                                <div class=\"item--featured bg-image\" style=\"background-image: url(https:\/\/eudentclinic.com\/wp-content\/uploads\/2024\/11\/Kanal-Tedavisi-372x372.avif);\"><\/div>\r\n                                <div class=\"item--icon-wrap\">\r\n                                                                                                        <\/div>\r\n                                                                    <h4 class=\"item--title\">\r\n                                        <a href=\"https:\/\/eudentclinic.com\/de\/service\/root-canal-treatment\/\">                                            Wurzelkanalbehandlung                                        <\/a>                                    <\/h4>\r\n                                                                                                    <div class=\"item--content\">\r\n                                        Die Endodontie ist der Zweig der Zahnmedizin, der sich mit der Behandlung und dem Schutz des Weichgewebes (Pulpa) im Zahninneren befasst.                                    <\/div>\r\n                                                                                                    <div class=\"item-readmore\">\r\n                                        <a class=\"btn\" href=\"https:\/\/eudentclinic.com\/de\/service\/root-canal-treatment\/\">\r\n                                            Read more                                        <\/a>\r\n                                    <\/div>\r\n                                                            <\/div>\r\n                        <\/div>\r\n                    <\/div>\r\n                                        <\/div>\r\n        <\/div>\r\n    <\/div>\r\n\t\t<\/div>\n\t\t\t\t<\/div>\n\t\t\t\t\t<\/div>\n\t\t\t\t<\/div>\n\t\t        <section class=\"elementor-section elementor-top-section elementor-element elementor-element-603300bb elementor-section-full_width elementor-section-stretched elementor-section-height-default elementor-section-height-default ct-header-fixed-none ct-column-none ct-row-scroll-none ct-row-gradient--none\" data-id=\"603300bb\" data-element_type=\"section\" data-settings=\"{&quot;stretch_section&quot;:&quot;section-stretched&quot;}\">\n            \n                        <div class=\"elementor-container elementor-column-gap-no\">\n                    <div class=\"elementor-column elementor-col-100 elementor-top-column elementor-element elementor-element-281d9c9a ct-column-none\" data-id=\"281d9c9a\" data-element_type=\"column\">\n        <div class=\"elementor-widget-wrap elementor-element-populated\">\n                    \n        \t\t<div class=\"elementor-element elementor-element-460be88f elementor-widget-divider--view-line elementor-widget elementor-widget-divider\" data-id=\"460be88f\" data-element_type=\"widget\" data-widget_type=\"divider.default\">\n\t\t\t\t<div class=\"elementor-widget-container\">\n\t\t\t\t\t<div class=\"elementor-divider\">\n\t\t\t<span class=\"elementor-divider-separator\">\n\t\t\t\t\t\t<\/span>\n\t\t<\/div>\n\t\t\t\t<\/div>\n\t\t\t\t<\/div>\n\t\t            <\/div>\n        <\/div>\n                    <\/div>\n        <\/section>\n        \t\t<\/div>","protected":false},"excerpt":{"rendered":"<p>Treatments YOUR ORAL HEALT IS OUR SIGNATURE We are to provide the most effective treatment and care to our patients by focusing on the individual needs of each patient with our expert physician staff and technical &#8211; medical infrastructure. Laser Teeth Whitening Laser Teeth Whitening Laser teeth whitening is a cosmetic dental treatment that removes [&hellip;]<\/p>","protected":false},"author":1,"featured_media":0,"parent":0,"menu_order":0,"comment_status":"closed","ping_status":"closed","template":"","meta":{"footnotes":""},"class_list":["post-45","page","type-page","status-publish","hentry"],"_links":{"self":[{"href":"https:\/\/eudentclinic.com\/de\/wp-json\/wp\/v2\/pages\/45","targetHints":{"allow":["GET"]}}],"collection":[{"href":"https:\/\/eudentclinic.com\/de\/wp-json\/wp\/v2\/pages"}],"about":[{"href":"https:\/\/eudentclinic.com\/de\/wp-json\/wp\/v2\/types\/page"}],"author":[{"embeddable":true,"href":"https:\/\/eudentclinic.com\/de\/wp-json\/wp\/v2\/users\/1"}],"replies":[{"embeddable":true,"href":"https:\/\/eudentclinic.com\/de\/wp-json\/wp\/v2\/comments?post=45"}],"version-history":[{"count":40,"href":"https:\/\/eudentclinic.com\/de\/wp-json\/wp\/v2\/pages\/45\/revisions"}],"predecessor-version":[{"id":6440,"href":"https:\/\/eudentclinic.com\/de\/wp-json\/wp\/v2\/pages\/45\/revisions\/6440"}],"wp:attachment":[{"href":"https:\/\/eudentclinic.com\/de\/wp-json\/wp\/v2\/media?parent=45"}],"curies":[{"name":"wp","href":"https:\/\/api.w.org\/{rel}","templated":true}]}}